{"id":4810,"date":"2024-06-23T14:55:40","date_gmt":"2024-06-23T14:55:40","guid":{"rendered":"https:\/\/petrinoguesthouse.com\/gallery\/"},"modified":"2025-05-04T09:39:31","modified_gmt":"2025-05-04T09:39:31","slug":"galerie","status":"publish","type":"page","link":"https:\/\/petrinoguesthouse.com\/de\/galerie\/","title":{"rendered":"Galerie"},"content":{"rendered":"\t\t<div data-elementor-type=\"wp-post\" data-elementor-id=\"4810\" class=\"elementor elementor-4810 elementor-3836\">\n\t\t\t\t\t\t<section class=\"elementor-section elementor-top-section elementor-element elementor-element-c16a88b elementor-section-stretched elementor-section-full_width page_title elementor-section-height-default elementor-section-height-default\" data-id=\"c16a88b\" data-element_type=\"section\" data-settings=\"{&quot;stretch_section&quot;:&quot;section-stretched&quot;,&quot;background_background&quot;:&quot;classic&quot;,&quot;hoteller_ext_is_background_parallax&quot;:&quot;false&quot;,&quot;hoteller_ext_is_background_on_scroll&quot;:&quot;false&quot;}\">\n\t\t\t\t\t\t\t<div class=\"elementor-background-overlay\"><\/div>\n\t\t\t\t\t\t\t<div class=\"elementor-container elementor-column-gap-default\">\n\t\t\t\t\t<div class=\"elementor-column elementor-col-100 elementor-top-column elementor-element elementor-element-f8005bb\" data-id=\"f8005bb\" data-element_type=\"column\" data-settings=\"{&quot;hoteller_ext_link_sidemenu&quot;:&quot;false&quot;,&quot;hoteller_ext_link_fullmenu&quot;:&quot;false&quot;,&quot;hoteller_ext_link_closed_fullmenu&quot;:&quot;false&quot;,&quot;hoteller_ext_is_scrollme&quot;:&quot;false&quot;,&quot;hoteller_ext_is_smoove&quot;:&quot;false&quot;,&quot;hoteller_ext_is_parallax_mouse&quot;:&quot;false&quot;,&quot;hoteller_ext_is_infinite&quot;:&quot;false&quot;,&quot;hoteller_ext_is_fadeout_animation&quot;:&quot;false&quot;,&quot;hoteller_ext_mobile_static&quot;:&quot;false&quot;}\">\n\t\t\t<div class=\"elementor-widget-wrap elementor-element-populated\">\n\t\t\t\t\t\t<div class=\"elementor-element elementor-element-47318b8 subtitle_page elementor-widget elementor-widget-heading\" data-id=\"47318b8\" data-element_type=\"widget\" data-settings=\"{&quot;hoteller_ext_link_sidemenu&quot;:&quot;false&quot;,&quot;hoteller_ext_link_fullmenu&quot;:&quot;false&quot;,&quot;hoteller_ext_link_closed_fullmenu&quot;:&quot;false&quot;,&quot;hoteller_ext_is_scrollme&quot;:&quot;false&quot;,&quot;hoteller_ext_is_smoove&quot;:&quot;false&quot;,&quot;hoteller_ext_is_parallax_mouse&quot;:&quot;false&quot;,&quot;hoteller_ext_is_infinite&quot;:&quot;false&quot;,&quot;hoteller_ext_is_fadeout_animation&quot;:&quot;false&quot;,&quot;hoteller_ext_mobile_static&quot;:&quot;false&quot;}\" data-widget_type=\"heading.default\">\n\t\t\t\t<div class=\"elementor-widget-container\">\n\t\t\t<h4 class=\"elementor-heading-title elementor-size-default\">Entdecken Sie Unsere Zimmer<\/h4>\t\t<\/div>\n\t\t\t\t<\/div>\n\t\t\t\t<div class=\"elementor-element elementor-element-853d70f title_page elementor-widget elementor-widget-heading\" data-id=\"853d70f\" data-element_type=\"widget\" data-settings=\"{&quot;hoteller_ext_link_sidemenu&quot;:&quot;false&quot;,&quot;hoteller_ext_link_fullmenu&quot;:&quot;false&quot;,&quot;hoteller_ext_link_closed_fullmenu&quot;:&quot;false&quot;,&quot;hoteller_ext_is_scrollme&quot;:&quot;false&quot;,&quot;hoteller_ext_is_smoove&quot;:&quot;false&quot;,&quot;hoteller_ext_is_parallax_mouse&quot;:&quot;false&quot;,&quot;hoteller_ext_is_infinite&quot;:&quot;false&quot;,&quot;hoteller_ext_is_fadeout_animation&quot;:&quot;false&quot;,&quot;hoteller_ext_mobile_static&quot;:&quot;false&quot;}\" data-widget_type=\"heading.default\">\n\t\t\t\t<div class=\"elementor-widget-container\">\n\t\t\t<h2 class=\"elementor-heading-title elementor-size-default\">Galerie<\/h2>\t\t<\/div>\n\t\t\t\t<\/div>\n\t\t\t\t\t<\/div>\n\t\t<\/div>\n\t\t\t\t\t<\/div>\n\t\t<\/section>\n\t\t\t\t<section class=\"elementor-section elementor-top-section elementor-element elementor-element-015b865 elementor-section-boxed elementor-section-height-default elementor-section-height-default elementor-invisible\" data-id=\"015b865\" data-element_type=\"section\" data-settings=\"{&quot;background_background&quot;:&quot;classic&quot;,&quot;animation&quot;:&quot;fadeIn&quot;,&quot;hoteller_ext_is_background_parallax&quot;:&quot;false&quot;,&quot;hoteller_ext_is_background_on_scroll&quot;:&quot;false&quot;}\">\n\t\t\t\t\t\t<div class=\"elementor-container elementor-column-gap-default\">\n\t\t\t\t\t<div class=\"elementor-column elementor-col-100 elementor-top-column elementor-element elementor-element-382318f\" data-id=\"382318f\" data-element_type=\"column\" data-settings=\"{&quot;hoteller_ext_link_sidemenu&quot;:&quot;false&quot;,&quot;hoteller_ext_link_fullmenu&quot;:&quot;false&quot;,&quot;hoteller_ext_link_closed_fullmenu&quot;:&quot;false&quot;,&quot;hoteller_ext_is_scrollme&quot;:&quot;false&quot;,&quot;hoteller_ext_is_smoove&quot;:&quot;false&quot;,&quot;hoteller_ext_is_parallax_mouse&quot;:&quot;false&quot;,&quot;hoteller_ext_is_infinite&quot;:&quot;false&quot;,&quot;hoteller_ext_is_fadeout_animation&quot;:&quot;false&quot;,&quot;hoteller_ext_mobile_static&quot;:&quot;false&quot;}\">\n\t\t\t<div class=\"elementor-widget-wrap elementor-element-populated\">\n\t\t\t\t\t\t<div class=\"elementor-element elementor-element-3aa7459 elementor-widget elementor-widget-hoteller-gallery-masonry\" data-id=\"3aa7459\" data-element_type=\"widget\" data-settings=\"{&quot;hoteller_ext_link_sidemenu&quot;:&quot;false&quot;,&quot;hoteller_ext_link_fullmenu&quot;:&quot;false&quot;,&quot;hoteller_ext_link_closed_fullmenu&quot;:&quot;false&quot;,&quot;hoteller_ext_is_scrollme&quot;:&quot;false&quot;,&quot;hoteller_ext_is_smoove&quot;:&quot;false&quot;,&quot;hoteller_ext_is_parallax_mouse&quot;:&quot;false&quot;,&quot;hoteller_ext_is_infinite&quot;:&quot;false&quot;,&quot;hoteller_ext_is_fadeout_animation&quot;:&quot;false&quot;,&quot;hoteller_ext_mobile_static&quot;:&quot;false&quot;}\" data-widget_type=\"hoteller-gallery-masonry.default\">\n\t\t\t\t<div class=\"elementor-widget-container\">\n\t\t\t<div class=\"gallery_grid_content_wrapper do_masonry layout_tg_three_cols has_space\" data-cols=\"3\">\n\t\t<div class=\"gallery_grid_item tg_three_cols  \">\n\t\t\t\t\t\t\t<a class=\"tg_gallery_lightbox\" href=\"https:\/\/petrinoguesthouse.com\/wp-content\/uploads\/petrino_guesthouse_monemvasia_gallery001-1-1.jpg\" data-thumb=\"https:\/\/petrinoguesthouse.com\/wp-content\/uploads\/petrino_guesthouse_monemvasia_gallery001-1-1.jpg\" data-rel=\"tg_gallery3aa7459\"  >\n\t\t\t\t\t\t\t<img decoding=\"async\" src=\"https:\/\/petrinoguesthouse.com\/wp-content\/uploads\/petrino_guesthouse_monemvasia_gallery001-1-1-440x293.jpg\" class=\"lazy_masonry\" alt=\"\" \/>\n\t\t\t\t\t\t\t<\/a>\n\t\t\t\t\t<\/div>\n\t\t<div class=\"gallery_grid_item tg_three_cols  \">\n\t\t\t\t\t\t\t<a class=\"tg_gallery_lightbox\" href=\"https:\/\/petrinoguesthouse.com\/wp-content\/uploads\/petrino_guesthouse_monemvasia_gallery02-1-1.jpg\" data-thumb=\"https:\/\/petrinoguesthouse.com\/wp-content\/uploads\/petrino_guesthouse_monemvasia_gallery02-1-1.jpg\" data-rel=\"tg_gallery3aa7459\"  >\n\t\t\t\t\t\t\t<img decoding=\"async\" src=\"https:\/\/petrinoguesthouse.com\/wp-content\/uploads\/petrino_guesthouse_monemvasia_gallery02-1-1-440x293.jpg\" class=\"lazy_masonry\" alt=\"\" \/>\n\t\t\t\t\t\t\t<\/a>\n\t\t\t\t\t<\/div>\n\t\t<div class=\"gallery_grid_item tg_three_cols last \">\n\t\t\t\t\t\t\t<a class=\"tg_gallery_lightbox\" href=\"https:\/\/petrinoguesthouse.com\/wp-content\/uploads\/petrino_guesthouse_monemvasia_gallery03-1-1.jpg\" data-thumb=\"https:\/\/petrinoguesthouse.com\/wp-content\/uploads\/petrino_guesthouse_monemvasia_gallery03-1-1.jpg\" data-rel=\"tg_gallery3aa7459\"  >\n\t\t\t\t\t\t\t<img decoding=\"async\" src=\"https:\/\/petrinoguesthouse.com\/wp-content\/uploads\/petrino_guesthouse_monemvasia_gallery03-1-1-440x327.jpg\" class=\"lazy_masonry\" alt=\"\" \/>\n\t\t\t\t\t\t\t<\/a>\n\t\t\t\t\t<\/div>\n\t\t<div class=\"gallery_grid_item tg_three_cols  \">\n\t\t\t\t\t\t\t<a class=\"tg_gallery_lightbox\" href=\"https:\/\/petrinoguesthouse.com\/wp-content\/uploads\/petrino_guesthouse_monemvasia_gallery04-1-1.jpg\" data-thumb=\"https:\/\/petrinoguesthouse.com\/wp-content\/uploads\/petrino_guesthouse_monemvasia_gallery04-1-1.jpg\" data-rel=\"tg_gallery3aa7459\"  >\n\t\t\t\t\t\t\t<img decoding=\"async\" src=\"https:\/\/petrinoguesthouse.com\/wp-content\/uploads\/petrino_guesthouse_monemvasia_gallery04-1-1-440x248.jpg\" class=\"lazy_masonry\" alt=\"\" \/>\n\t\t\t\t\t\t\t<\/a>\n\t\t\t\t\t<\/div>\n\t\t<div class=\"gallery_grid_item tg_three_cols  \">\n\t\t\t\t\t\t\t<a class=\"tg_gallery_lightbox\" href=\"https:\/\/petrinoguesthouse.com\/wp-content\/uploads\/petrino_guesthouse_monemvasia_gallery05-1-1.jpg\" data-thumb=\"https:\/\/petrinoguesthouse.com\/wp-content\/uploads\/petrino_guesthouse_monemvasia_gallery05-1-1.jpg\" data-rel=\"tg_gallery3aa7459\"  >\n\t\t\t\t\t\t\t<img decoding=\"async\" src=\"https:\/\/petrinoguesthouse.com\/wp-content\/uploads\/petrino_guesthouse_monemvasia_gallery05-1-1-440x625.jpg\" class=\"lazy_masonry\" alt=\"\" \/>\n\t\t\t\t\t\t\t<\/a>\n\t\t\t\t\t<\/div>\n\t\t<div class=\"gallery_grid_item tg_three_cols last \">\n\t\t\t\t\t\t\t<a class=\"tg_gallery_lightbox\" href=\"https:\/\/petrinoguesthouse.com\/wp-content\/uploads\/petrino_guesthouse_monemvasia_gallery06-1-1.jpg\" data-thumb=\"https:\/\/petrinoguesthouse.com\/wp-content\/uploads\/petrino_guesthouse_monemvasia_gallery06-1-1.jpg\" data-rel=\"tg_gallery3aa7459\"  >\n\t\t\t\t\t\t\t<img decoding=\"async\" src=\"https:\/\/petrinoguesthouse.com\/wp-content\/uploads\/petrino_guesthouse_monemvasia_gallery06-1-1-440x273.jpg\" class=\"lazy_masonry\" alt=\"\" \/>\n\t\t\t\t\t\t\t<\/a>\n\t\t\t\t\t<\/div>\n\t\t<div class=\"gallery_grid_item tg_three_cols  \">\n\t\t\t\t\t\t\t<a class=\"tg_gallery_lightbox\" href=\"https:\/\/petrinoguesthouse.com\/wp-content\/uploads\/petrino_guesthouse_monemvasia_gallery07-1-1.jpg\" data-thumb=\"https:\/\/petrinoguesthouse.com\/wp-content\/uploads\/petrino_guesthouse_monemvasia_gallery07-1-1.jpg\" data-rel=\"tg_gallery3aa7459\"  >\n\t\t\t\t\t\t\t<img decoding=\"async\" src=\"https:\/\/petrinoguesthouse.com\/wp-content\/uploads\/petrino_guesthouse_monemvasia_gallery07-1-1-440x257.jpg\" class=\"lazy_masonry\" alt=\"\" \/>\n\t\t\t\t\t\t\t<\/a>\n\t\t\t\t\t<\/div>\n\t\t<div class=\"gallery_grid_item tg_three_cols  \">\n\t\t\t\t\t\t\t<a class=\"tg_gallery_lightbox\" href=\"https:\/\/petrinoguesthouse.com\/wp-content\/uploads\/petrino_guesthouse_monemvasia_gallery08-1-1.jpg\" data-thumb=\"https:\/\/petrinoguesthouse.com\/wp-content\/uploads\/petrino_guesthouse_monemvasia_gallery08-1-1.jpg\" data-rel=\"tg_gallery3aa7459\"  >\n\t\t\t\t\t\t\t<img decoding=\"async\" src=\"https:\/\/petrinoguesthouse.com\/wp-content\/uploads\/petrino_guesthouse_monemvasia_gallery08-1-1-440x298.jpg\" class=\"lazy_masonry\" alt=\"\" \/>\n\t\t\t\t\t\t\t<\/a>\n\t\t\t\t\t<\/div>\n\t\t<div class=\"gallery_grid_item tg_three_cols last \">\n\t\t\t\t\t\t\t<a class=\"tg_gallery_lightbox\" href=\"https:\/\/petrinoguesthouse.com\/wp-content\/uploads\/petrino_guesthouse_monemvasia_gallery09-1-1.jpg\" data-thumb=\"https:\/\/petrinoguesthouse.com\/wp-content\/uploads\/petrino_guesthouse_monemvasia_gallery09-1-1.jpg\" data-rel=\"tg_gallery3aa7459\"  >\n\t\t\t\t\t\t\t<img decoding=\"async\" src=\"https:\/\/petrinoguesthouse.com\/wp-content\/uploads\/petrino_guesthouse_monemvasia_gallery09-1-1-440x298.jpg\" class=\"lazy_masonry\" alt=\"\" \/>\n\t\t\t\t\t\t\t<\/a>\n\t\t\t\t\t<\/div>\n\t\t<div class=\"gallery_grid_item tg_three_cols  \">\n\t\t\t\t\t\t\t<a class=\"tg_gallery_lightbox\" href=\"https:\/\/petrinoguesthouse.com\/wp-content\/uploads\/petrino_guesthouse_monemvasia_gallery10-1-1.jpg\" data-thumb=\"https:\/\/petrinoguesthouse.com\/wp-content\/uploads\/petrino_guesthouse_monemvasia_gallery10-1-1.jpg\" data-rel=\"tg_gallery3aa7459\"  >\n\t\t\t\t\t\t\t<img decoding=\"async\" src=\"https:\/\/petrinoguesthouse.com\/wp-content\/uploads\/petrino_guesthouse_monemvasia_gallery10-1-1-440x449.jpg\" class=\"lazy_masonry\" alt=\"\" \/>\n\t\t\t\t\t\t\t<\/a>\n\t\t\t\t\t<\/div>\n\t\t<div class=\"gallery_grid_item tg_three_cols  \">\n\t\t\t\t\t\t\t<a class=\"tg_gallery_lightbox\" href=\"https:\/\/petrinoguesthouse.com\/wp-content\/uploads\/petrino_guesthouse_monemvasia_gallery11-1-1.jpg\" data-thumb=\"https:\/\/petrinoguesthouse.com\/wp-content\/uploads\/petrino_guesthouse_monemvasia_gallery11-1-1.jpg\" data-rel=\"tg_gallery3aa7459\"  >\n\t\t\t\t\t\t\t<img decoding=\"async\" src=\"https:\/\/petrinoguesthouse.com\/wp-content\/uploads\/petrino_guesthouse_monemvasia_gallery11-1-1-440x293.jpg\" class=\"lazy_masonry\" alt=\"\" \/>\n\t\t\t\t\t\t\t<\/a>\n\t\t\t\t\t<\/div>\n\t\t<div class=\"gallery_grid_item tg_three_cols last \">\n\t\t\t\t\t\t\t<a class=\"tg_gallery_lightbox\" href=\"https:\/\/petrinoguesthouse.com\/wp-content\/uploads\/petrino_guesthouse_monemvasia_gallery12-1-1.jpg\" data-thumb=\"https:\/\/petrinoguesthouse.com\/wp-content\/uploads\/petrino_guesthouse_monemvasia_gallery12-1-1.jpg\" data-rel=\"tg_gallery3aa7459\"  >\n\t\t\t\t\t\t\t<img decoding=\"async\" src=\"https:\/\/petrinoguesthouse.com\/wp-content\/uploads\/petrino_guesthouse_monemvasia_gallery12-1-1-440x293.jpg\" class=\"lazy_masonry\" alt=\"\" \/>\n\t\t\t\t\t\t\t<\/a>\n\t\t\t\t\t<\/div>\n\t\t<div class=\"gallery_grid_item tg_three_cols  \">\n\t\t\t\t\t\t\t<a class=\"tg_gallery_lightbox\" href=\"https:\/\/petrinoguesthouse.com\/wp-content\/uploads\/petrino_guesthouse_monemvasia_gallery13-1-1.jpg\" data-thumb=\"https:\/\/petrinoguesthouse.com\/wp-content\/uploads\/petrino_guesthouse_monemvasia_gallery13-1-1.jpg\" data-rel=\"tg_gallery3aa7459\"  >\n\t\t\t\t\t\t\t<img decoding=\"async\" src=\"https:\/\/petrinoguesthouse.com\/wp-content\/uploads\/petrino_guesthouse_monemvasia_gallery13-1-1-440x293.jpg\" class=\"lazy_masonry\" alt=\"\" \/>\n\t\t\t\t\t\t\t<\/a>\n\t\t\t\t\t<\/div>\n\t\t<div class=\"gallery_grid_item tg_three_cols  \">\n\t\t\t\t\t\t\t<a class=\"tg_gallery_lightbox\" href=\"https:\/\/petrinoguesthouse.com\/wp-content\/uploads\/petrino_guesthouse_monemvasia_gallery14-1-1.jpg\" data-thumb=\"https:\/\/petrinoguesthouse.com\/wp-content\/uploads\/petrino_guesthouse_monemvasia_gallery14-1-1.jpg\" data-rel=\"tg_gallery3aa7459\"  >\n\t\t\t\t\t\t\t<img decoding=\"async\" src=\"https:\/\/petrinoguesthouse.com\/wp-content\/uploads\/petrino_guesthouse_monemvasia_gallery14-1-1-440x293.jpg\" class=\"lazy_masonry\" alt=\"\" \/>\n\t\t\t\t\t\t\t<\/a>\n\t\t\t\t\t<\/div>\n\t\t<div class=\"gallery_grid_item tg_three_cols last \">\n\t\t\t\t\t\t\t<a class=\"tg_gallery_lightbox\" href=\"https:\/\/petrinoguesthouse.com\/wp-content\/uploads\/petrino_guesthouse_monemvasia_gallery15-1-1.jpg\" data-thumb=\"https:\/\/petrinoguesthouse.com\/wp-content\/uploads\/petrino_guesthouse_monemvasia_gallery15-1-1.jpg\" data-rel=\"tg_gallery3aa7459\"  >\n\t\t\t\t\t\t\t<img decoding=\"async\" src=\"https:\/\/petrinoguesthouse.com\/wp-content\/uploads\/petrino_guesthouse_monemvasia_gallery15-1-1-440x293.jpg\" class=\"lazy_masonry\" alt=\"\" \/>\n\t\t\t\t\t\t\t<\/a>\n\t\t\t\t\t<\/div>\n\t\t<div class=\"gallery_grid_item tg_three_cols  \">\n\t\t\t\t\t\t\t<a class=\"tg_gallery_lightbox\" href=\"https:\/\/petrinoguesthouse.com\/wp-content\/uploads\/petrino_guesthouse_monemvasia_gallery19-1.jpg\" data-thumb=\"https:\/\/petrinoguesthouse.com\/wp-content\/uploads\/petrino_guesthouse_monemvasia_gallery19-1.jpg\" data-rel=\"tg_gallery3aa7459\"  >\n\t\t\t\t\t\t\t<img decoding=\"async\" src=\"https:\/\/petrinoguesthouse.com\/wp-content\/uploads\/petrino_guesthouse_monemvasia_gallery19-1-440x293.jpg\" class=\"lazy_masonry\" alt=\"\" \/>\n\t\t\t\t\t\t\t<\/a>\n\t\t\t\t\t<\/div>\n\t\t<div class=\"gallery_grid_item tg_three_cols  \">\n\t\t\t\t\t\t\t<a class=\"tg_gallery_lightbox\" href=\"https:\/\/petrinoguesthouse.com\/wp-content\/uploads\/petrino_guesthouse_monemvasia_gallery16-1-1.jpg\" data-thumb=\"https:\/\/petrinoguesthouse.com\/wp-content\/uploads\/petrino_guesthouse_monemvasia_gallery16-1-1.jpg\" data-rel=\"tg_gallery3aa7459\"  >\n\t\t\t\t\t\t\t<img decoding=\"async\" src=\"https:\/\/petrinoguesthouse.com\/wp-content\/uploads\/petrino_guesthouse_monemvasia_gallery16-1-1-440x293.jpg\" class=\"lazy_masonry\" alt=\"\" \/>\n\t\t\t\t\t\t\t<\/a>\n\t\t\t\t\t<\/div>\n\t\t<div class=\"gallery_grid_item tg_three_cols last \">\n\t\t\t\t\t\t\t<a class=\"tg_gallery_lightbox\" href=\"https:\/\/petrinoguesthouse.com\/wp-content\/uploads\/petrino_guesthouse_monemvasia_gallery17-1-1.jpg\" data-thumb=\"https:\/\/petrinoguesthouse.com\/wp-content\/uploads\/petrino_guesthouse_monemvasia_gallery17-1-1.jpg\" data-rel=\"tg_gallery3aa7459\"  >\n\t\t\t\t\t\t\t<img decoding=\"async\" src=\"https:\/\/petrinoguesthouse.com\/wp-content\/uploads\/petrino_guesthouse_monemvasia_gallery17-1-1-440x293.jpg\" class=\"lazy_masonry\" alt=\"\" \/>\n\t\t\t\t\t\t\t<\/a>\n\t\t\t\t\t<\/div>\n\t\t<div class=\"gallery_grid_item tg_three_cols  \">\n\t\t\t\t\t\t\t<a class=\"tg_gallery_lightbox\" href=\"https:\/\/petrinoguesthouse.com\/wp-content\/uploads\/petrino_guesthouse_monemvasia_gallery18-1-1.jpg\" data-thumb=\"https:\/\/petrinoguesthouse.com\/wp-content\/uploads\/petrino_guesthouse_monemvasia_gallery18-1-1.jpg\" data-rel=\"tg_gallery3aa7459\"  >\n\t\t\t\t\t\t\t<img decoding=\"async\" src=\"https:\/\/petrinoguesthouse.com\/wp-content\/uploads\/petrino_guesthouse_monemvasia_gallery18-1-1-440x305.jpg\" class=\"lazy_masonry\" alt=\"\" \/>\n\t\t\t\t\t\t\t<\/a>\n\t\t\t\t\t<\/div>\n<br class=\"clear\"\/>\n<\/div>\n\t\t<\/div>\n\t\t\t\t<\/div>\n\t\t\t\t\t<\/div>\n\t\t<\/div>\n\t\t\t\t\t<\/div>\n\t\t<\/section>\n\t\t\t\t<section class=\"elementor-section elementor-top-section elementor-element elementor-element-4cb8434 elementor-section-stretched elementor-section-height-min-height elementor-section-boxed elementor-section-height-default elementor-section-items-middle\" data-id=\"4cb8434\" data-element_type=\"section\" data-settings=\"{&quot;stretch_section&quot;:&quot;section-stretched&quot;,&quot;background_background&quot;:&quot;classic&quot;,&quot;hoteller_ext_is_background_parallax&quot;:&quot;false&quot;,&quot;hoteller_ext_is_background_on_scroll&quot;:&quot;false&quot;}\">\n\t\t\t\t\t\t\t<div class=\"elementor-background-overlay\"><\/div>\n\t\t\t\t\t\t\t<div class=\"elementor-container elementor-column-gap-default\">\n\t\t\t\t\t<div class=\"elementor-column elementor-col-100 elementor-top-column elementor-element elementor-element-06d01f7\" data-id=\"06d01f7\" data-element_type=\"column\" data-settings=\"{&quot;hoteller_ext_link_sidemenu&quot;:&quot;false&quot;,&quot;hoteller_ext_link_fullmenu&quot;:&quot;false&quot;,&quot;hoteller_ext_link_closed_fullmenu&quot;:&quot;false&quot;,&quot;hoteller_ext_is_scrollme&quot;:&quot;false&quot;,&quot;hoteller_ext_is_smoove&quot;:&quot;false&quot;,&quot;hoteller_ext_is_parallax_mouse&quot;:&quot;false&quot;,&quot;hoteller_ext_is_infinite&quot;:&quot;false&quot;,&quot;hoteller_ext_is_fadeout_animation&quot;:&quot;false&quot;,&quot;hoteller_ext_mobile_static&quot;:&quot;false&quot;}\">\n\t\t\t<div class=\"elementor-widget-wrap elementor-element-populated\">\n\t\t\t\t\t\t<section class=\"elementor-section elementor-inner-section elementor-element elementor-element-897d546 stellar elementor-section-boxed elementor-section-height-default elementor-section-height-default\" data-id=\"897d546\" data-element_type=\"section\" data-settings=\"{&quot;hoteller_ext_is_background_parallax&quot;:&quot;false&quot;,&quot;hoteller_ext_is_background_on_scroll&quot;:&quot;false&quot;}\">\n\t\t\t\t\t\t<div class=\"elementor-container elementor-column-gap-default\">\n\t\t\t\t\t<div class=\"elementor-column elementor-col-100 elementor-inner-column elementor-element elementor-element-fbf3d4d\" data-id=\"fbf3d4d\" data-element_type=\"column\" data-settings=\"{&quot;hoteller_ext_link_sidemenu&quot;:&quot;false&quot;,&quot;hoteller_ext_link_fullmenu&quot;:&quot;false&quot;,&quot;hoteller_ext_link_closed_fullmenu&quot;:&quot;false&quot;,&quot;hoteller_ext_is_scrollme&quot;:&quot;false&quot;,&quot;hoteller_ext_is_smoove&quot;:&quot;false&quot;,&quot;hoteller_ext_is_parallax_mouse&quot;:&quot;false&quot;,&quot;hoteller_ext_is_infinite&quot;:&quot;false&quot;,&quot;hoteller_ext_is_fadeout_animation&quot;:&quot;false&quot;,&quot;hoteller_ext_mobile_static&quot;:&quot;false&quot;}\">\n\t\t\t<div class=\"elementor-widget-wrap elementor-element-populated\">\n\t\t\t\t\t\t<div class=\"elementor-element elementor-element-543de88 elementor-widget elementor-widget-heading\" data-id=\"543de88\" data-element_type=\"widget\" data-settings=\"{&quot;hoteller_ext_link_sidemenu&quot;:&quot;false&quot;,&quot;hoteller_ext_link_fullmenu&quot;:&quot;false&quot;,&quot;hoteller_ext_link_closed_fullmenu&quot;:&quot;false&quot;,&quot;hoteller_ext_is_scrollme&quot;:&quot;false&quot;,&quot;hoteller_ext_is_smoove&quot;:&quot;false&quot;,&quot;hoteller_ext_is_parallax_mouse&quot;:&quot;false&quot;,&quot;hoteller_ext_is_infinite&quot;:&quot;false&quot;,&quot;hoteller_ext_is_fadeout_animation&quot;:&quot;false&quot;,&quot;hoteller_ext_mobile_static&quot;:&quot;false&quot;}\" data-widget_type=\"heading.default\">\n\t\t\t\t<div class=\"elementor-widget-container\">\n\t\t\t<h2 class=\"elementor-heading-title elementor-size-default\">Verf\u00fcgbarkeit Pr\u00fcfen<\/h2>\t\t<\/div>\n\t\t\t\t<\/div>\n\t\t\t\t<div class=\"elementor-element elementor-element-eb9a936 elementor-widget elementor-widget-text-editor\" data-id=\"eb9a936\" data-element_type=\"widget\" data-settings=\"{&quot;hoteller_ext_link_sidemenu&quot;:&quot;false&quot;,&quot;hoteller_ext_link_fullmenu&quot;:&quot;false&quot;,&quot;hoteller_ext_link_closed_fullmenu&quot;:&quot;false&quot;,&quot;hoteller_ext_is_scrollme&quot;:&quot;false&quot;,&quot;hoteller_ext_is_smoove&quot;:&quot;false&quot;,&quot;hoteller_ext_is_parallax_mouse&quot;:&quot;false&quot;,&quot;hoteller_ext_is_infinite&quot;:&quot;false&quot;,&quot;hoteller_ext_is_fadeout_animation&quot;:&quot;false&quot;,&quot;hoteller_ext_mobile_static&quot;:&quot;false&quot;}\" data-widget_type=\"text-editor.default\">\n\t\t\t\t<div class=\"elementor-widget-container\">\n\t\t\t\t\t\t\t<p>Sie k\u00f6nnen unsere Verf\u00fcgbarkeit pr\u00fcfen und bei einer Direktbuchung \u00fcber unsere Website erhalten Sie den garantiert besten Preis.<\/p>\t\t\t\t\t\t<\/div>\n\t\t\t\t<\/div>\n\t\t\t\t<div class=\"elementor-element elementor-element-6f58752 call_to_action_btn elementor-align-center elementor-widget elementor-widget-button\" data-id=\"6f58752\" data-element_type=\"widget\" data-settings=\"{&quot;hoteller_ext_link_sidemenu&quot;:&quot;false&quot;,&quot;hoteller_ext_link_fullmenu&quot;:&quot;false&quot;,&quot;hoteller_ext_link_closed_fullmenu&quot;:&quot;false&quot;,&quot;hoteller_ext_is_scrollme&quot;:&quot;false&quot;,&quot;hoteller_ext_is_smoove&quot;:&quot;false&quot;,&quot;hoteller_ext_is_parallax_mouse&quot;:&quot;false&quot;,&quot;hoteller_ext_is_infinite&quot;:&quot;false&quot;,&quot;hoteller_ext_is_fadeout_animation&quot;:&quot;false&quot;,&quot;hoteller_ext_mobile_static&quot;:&quot;false&quot;}\" data-widget_type=\"button.default\">\n\t\t\t\t<div class=\"elementor-widget-container\">\n\t\t\t\t\t\t\t<div class=\"elementor-button-wrapper\">\n\t\t\t\t\t<a class=\"elementor-button elementor-button-link elementor-size-sm\" href=\"https:\/\/petrinoguesthouse.reserve-online.net\/\" target=\"_blank\">\n\t\t\t\t\t\t<span class=\"elementor-button-content-wrapper\">\n\t\t\t\t\t\t\t\t\t<span class=\"elementor-button-text\">Buchen Sie Jetzt<\/span>\n\t\t\t\t\t<\/span>\n\t\t\t\t\t<\/a>\n\t\t\t\t<\/div>\n\t\t\t\t\t\t<\/div>\n\t\t\t\t<\/div>\n\t\t\t\t\t<\/div>\n\t\t<\/div>\n\t\t\t\t\t<\/div>\n\t\t<\/section>\n\t\t\t\t\t<\/div>\n\t\t<\/div>\n\t\t\t\t\t<\/div>\n\t\t<\/section>\n\t\t\t\t<\/div>\n\t\t","protected":false},"excerpt":{"rendered":"<p>Entdecken Sie Unsere Zimmer Galerie Verf\u00fcgbarkeit Pr\u00fcfen Sie k\u00f6nnen unsere Verf\u00fcgbarkeit pr\u00fcfen und bei einer Direktbuchung \u00fcber unsere Website erhalten Sie den garantiert besten Preis. Buchen Sie Jetzt<\/p>\n","protected":false},"author":1,"featured_media":0,"parent":0,"menu_order":0,"comment_status":"closed","ping_status":"closed","template":"","meta":{"footnotes":""},"class_list":["post-4810","page","type-page","status-publish","hentry"],"_links":{"self":[{"href":"https:\/\/petrinoguesthouse.com\/de\/wp-json\/wp\/v2\/pages\/4810","targetHints":{"allow":["GET"]}}],"collection":[{"href":"https:\/\/petrinoguesthouse.com\/de\/wp-json\/wp\/v2\/pages"}],"about":[{"href":"https:\/\/petrinoguesthouse.com\/de\/wp-json\/wp\/v2\/types\/page"}],"author":[{"embeddable":true,"href":"https:\/\/petrinoguesthouse.com\/de\/wp-json\/wp\/v2\/users\/1"}],"replies":[{"embeddable":true,"href":"https:\/\/petrinoguesthouse.com\/de\/wp-json\/wp\/v2\/comments?post=4810"}],"version-history":[{"count":14,"href":"https:\/\/petrinoguesthouse.com\/de\/wp-json\/wp\/v2\/pages\/4810\/revisions"}],"predecessor-version":[{"id":5527,"href":"https:\/\/petrinoguesthouse.com\/de\/wp-json\/wp\/v2\/pages\/4810\/revisions\/5527"}],"wp:attachment":[{"href":"https:\/\/petrinoguesthouse.com\/de\/wp-json\/wp\/v2\/media?parent=4810"}],"curies":[{"name":"wp","href":"https:\/\/api.w.org\/{rel}","templated":true}]}}